{"id":2553,"date":"2025-12-03T16:59:17","date_gmt":"2025-12-03T14:59:17","guid":{"rendered":"https:\/\/bk-site-ampdelta.top\/?page_id=2553"},"modified":"2025-12-04T14:51:50","modified_gmt":"2025-12-04T12:51:50","slug":"odpowiedzialna-gra","status":"publish","type":"page","link":"https:\/\/bk-site-ampdelta.top\/odpowiedzialna-gra\/","title":{"rendered":"Odpowiedzialna gra"},"content":{"rendered":"<h1>Odpowiedzialna gra<\/h1>\n<p>W Vavada rozumiemy, jak wa\u017cne jest odpowiedzialne podej\u015bcie do hazardu. Naszym celem jest zapewnienie u\u017cytkownikom narz\u0119dzi, kt\u00f3re umo\u017cliwi\u0105 im kontrolowanie swojej aktywno\u015bci w serwisie i utrzymanie zdrowego balansu pomi\u0119dzy gr\u0105 a codziennym \u017cyciem.<\/p>\n<p>Oferujemy szereg funkcji, kt\u00f3re pomagaj\u0105 w zarz\u0105dzaniu czasem i bud\u017cetem przeznaczonym na gr\u0119:<\/p>\n<ul>\n<li>Limity depozyt\u00f3w \u2013 umo\u017cliwiaj\u0105 ustawienie maksymalnej kwoty, jak\u0105 mo\u017cna wp\u0142aci\u0107 na konto w danym okresie,<\/li>\n<li>Limity strat \u2013 pozwalaj\u0105 ustali\u0107 maksymaln\u0105 kwot\u0119, jak\u0105 u\u017cytkownik mo\u017ce straci\u0107 w ci\u0105gu dnia, tygodnia lub miesi\u0105ca,<\/li>\n<li>Limity czasu gry \u2013 umo\u017cliwiaj\u0105 kontrolowanie, jak d\u0142ugo u\u017cytkownik mo\u017ce gra\u0107 w danym czasie,<\/li>\n<li>Przerwa &#171;Time-out&#187; \u2013 tymczasowe zablokowanie dost\u0119pu do konta na okre\u015blony czas,<\/li>\n<li>Samowykluczenie \u2013 u\u017cytkownik mo\u017ce wykluczy\u0107 si\u0119 z gry na okre\u015blony czas lub na sta\u0142e.<\/li>\n<\/ul>\n<h2>Jak gra\u0107 odpowiedzialnie:<\/h2>\n<ol>\n<li>Okre\u015bl bud\u017cet na gr\u0119 i trzymaj si\u0119 go.<\/li>\n<li>Stosuj limity czasu i depozyt\u00f3w, aby nie przekracza\u0107 swojego bud\u017cetu.<\/li>\n<li>Unikaj gry, gdy czujesz si\u0119 zm\u0119czony, zestresowany lub pod wp\u0142ywem emocji.<\/li>\n<li>Nie pr\u00f3buj odrabia\u0107 strat i traktuj gr\u0119 wy\u0142\u0105cznie jako form\u0119 rozrywki.<\/li>\n<\/ol>\n<p>Dzi\u0119ki tym narz\u0119dziom i zasadom, Vavada umo\u017cliwia graczom kontrolowanie swojej aktywno\u015bci w spos\u00f3b, kt\u00f3ry minimalizuje ryzyko uzale\u017cnienia.<\/p>\n<p>Je\u015bli czujesz, \u017ce masz problem z kontrolowaniem swojej gry, skontaktuj si\u0119 z naszym zespo\u0142em wsparcia, kt\u00f3ry pomo\u017ce Ci aktywowa\u0107 odpowiednie narz\u0119dzia i oferuje pomoc w zakresie odpowiedzialnego hazardu.<\/p>\n","protected":false},"excerpt":{"rendered":"<p>Odpowiedzialna gra W Vavada rozumiemy, jak wa\u017cne jest odpowiedzialne podej\u015bcie do hazardu. Naszym celem jest zapewnienie u\u017cytkownikom narz\u0119dzi, kt\u00f3re umo\u017cliwi\u0105 im kontrolowanie swojej aktywno\u015bci w serwisie i utrzymanie zdrowego balansu pomi\u0119dzy gr\u0105 a codziennym \u017cyciem. Oferujemy szereg funkcji, kt\u00f3re pomagaj\u0105 w zarz\u0105dzaniu czasem i bud\u017cetem przeznaczonym na gr\u0119: Limity depozyt\u00f3w \u2013 umo\u017cliwiaj\u0105 ustawienie maksymalnej kwoty, [&hellip;]<\/p>\n","protected":false},"author":1,"featured_media":0,"parent":0,"menu_order":0,"comment_status":"closed","ping_status":"closed","template":"","meta":{"_acf_changed":false,"footnotes":""},"class_list":["post-2553","page","type-page","status-publish","hentry"],"acf":[],"yoast_head":"<!-- This site is optimized with the Yoast SEO plugin v27.1.1 - https:\/\/yoast.com\/product\/yoast-seo-wordpress\/ -->\n<title>Responsible Gaming | Vavada \u2013 Play Safely and Responsibly<\/title>\n<meta name=\"description\" content=\"At Vavada, responsible gaming is our priority. Explore the tools and features we offer to manage your spending and playing time, ensuring a balanced gaming experience\" \/>\n<meta name=\"robots\" content=\"index, follow, max-snippet:-1, max-image-preview:large, max-video-preview:-1\" \/>\n<link rel=\"canonical\" href=\"https:\/\/bk-site-ampdelta.top\/odpowiedzialna-gra\/\" \/>\n<meta property=\"og:locale\" content=\"ru_RU\" \/>\n<meta property=\"og:type\" content=\"article\" \/>\n<meta property=\"og:title\" content=\"Responsible Gaming | Vavada \u2013 Play Safely and Responsibly\" \/>\n<meta property=\"og:description\" content=\"At Vavada, responsible gaming is our priority. Explore the tools and features we offer to manage your spending and playing time, ensuring a balanced gaming experience\" \/>\n<meta property=\"og:url\" content=\"https:\/\/bk-site-ampdelta.top\/odpowiedzialna-gra\/\" \/>\n<meta property=\"og:site_name\" content=\"bk-site-ampdelta.top\" \/>\n<meta property=\"article:modified_time\" content=\"2025-12-04T12:51:50+00:00\" \/>\n<meta name=\"twitter:card\" content=\"summary_large_image\" \/>\n<meta name=\"twitter:label1\" content=\"\u041f\u0440\u0438\u043c\u0435\u0440\u043d\u043e\u0435 \u0432\u0440\u0435\u043c\u044f \u0434\u043b\u044f \u0447\u0442\u0435\u043d\u0438\u044f\" \/>\n\t<meta name=\"twitter:data1\" content=\"2 \u043c\u0438\u043d\u0443\u0442\u044b\" \/>\n<script type=\"application\/ld+json\" class=\"yoast-schema-graph\">{\"@context\":\"https:\/\/schema.org\",\"@graph\":[{\"@type\":\"WebPage\",\"@id\":\"https:\/\/bk-site-ampdelta.top\/odpowiedzialna-gra\/\",\"url\":\"https:\/\/bk-site-ampdelta.top\/odpowiedzialna-gra\/\",\"name\":\"Responsible Gaming | Vavada \u2013 Play Safely and Responsibly\",\"isPartOf\":{\"@id\":\"https:\/\/bk-site-ampdelta.top\/#website\"},\"datePublished\":\"2025-12-03T14:59:17+00:00\",\"dateModified\":\"2025-12-04T12:51:50+00:00\",\"description\":\"At Vavada, responsible gaming is our priority. Explore the tools and features we offer to manage your spending and playing time, ensuring a balanced gaming experience\",\"breadcrumb\":{\"@id\":\"https:\/\/bk-site-ampdelta.top\/odpowiedzialna-gra\/#breadcrumb\"},\"inLanguage\":\"ru-RU\",\"potentialAction\":[{\"@type\":\"ReadAction\",\"target\":[\"https:\/\/bk-site-ampdelta.top\/odpowiedzialna-gra\/\"]}]},{\"@type\":\"BreadcrumbList\",\"@id\":\"https:\/\/bk-site-ampdelta.top\/odpowiedzialna-gra\/#breadcrumb\",\"itemListElement\":[{\"@type\":\"ListItem\",\"position\":1,\"name\":\"\u0413\u043b\u0430\u0432\u043d\u0430\u044f \u0441\u0442\u0440\u0430\u043d\u0438\u0446\u0430\",\"item\":\"https:\/\/bk-site-ampdelta.top\/\"},{\"@type\":\"ListItem\",\"position\":2,\"name\":\"Odpowiedzialna gra\"}]},{\"@type\":\"WebSite\",\"@id\":\"https:\/\/bk-site-ampdelta.top\/#website\",\"url\":\"https:\/\/bk-site-ampdelta.top\/\",\"name\":\"bk-site-ampdelta.top\",\"description\":\"\",\"potentialAction\":[{\"@type\":\"SearchAction\",\"target\":{\"@type\":\"EntryPoint\",\"urlTemplate\":\"https:\/\/bk-site-ampdelta.top\/?s={search_term_string}\"},\"query-input\":{\"@type\":\"PropertyValueSpecification\",\"valueRequired\":true,\"valueName\":\"search_term_string\"}}],\"inLanguage\":\"ru-RU\"}]}<\/script>\n<!-- \/ Yoast SEO plugin. -->","yoast_head_json":{"title":"Responsible Gaming | Vavada \u2013 Play Safely and Responsibly","description":"At Vavada, responsible gaming is our priority. Explore the tools and features we offer to manage your spending and playing time, ensuring a balanced gaming experience","robots":{"index":"index","follow":"follow","max-snippet":"max-snippet:-1","max-image-preview":"max-image-preview:large","max-video-preview":"max-video-preview:-1"},"canonical":"https:\/\/bk-site-ampdelta.top\/odpowiedzialna-gra\/","og_locale":"ru_RU","og_type":"article","og_title":"Responsible Gaming | Vavada \u2013 Play Safely and Responsibly","og_description":"At Vavada, responsible gaming is our priority. Explore the tools and features we offer to manage your spending and playing time, ensuring a balanced gaming experience","og_url":"https:\/\/bk-site-ampdelta.top\/odpowiedzialna-gra\/","og_site_name":"bk-site-ampdelta.top","article_modified_time":"2025-12-04T12:51:50+00:00","twitter_card":"summary_large_image","twitter_misc":{"\u041f\u0440\u0438\u043c\u0435\u0440\u043d\u043e\u0435 \u0432\u0440\u0435\u043c\u044f \u0434\u043b\u044f \u0447\u0442\u0435\u043d\u0438\u044f":"2 \u043c\u0438\u043d\u0443\u0442\u044b"},"schema":{"@context":"https:\/\/schema.org","@graph":[{"@type":"WebPage","@id":"https:\/\/bk-site-ampdelta.top\/odpowiedzialna-gra\/","url":"https:\/\/bk-site-ampdelta.top\/odpowiedzialna-gra\/","name":"Responsible Gaming | Vavada \u2013 Play Safely and Responsibly","isPartOf":{"@id":"https:\/\/bk-site-ampdelta.top\/#website"},"datePublished":"2025-12-03T14:59:17+00:00","dateModified":"2025-12-04T12:51:50+00:00","description":"At Vavada, responsible gaming is our priority. Explore the tools and features we offer to manage your spending and playing time, ensuring a balanced gaming experience","breadcrumb":{"@id":"https:\/\/bk-site-ampdelta.top\/odpowiedzialna-gra\/#breadcrumb"},"inLanguage":"ru-RU","potentialAction":[{"@type":"ReadAction","target":["https:\/\/bk-site-ampdelta.top\/odpowiedzialna-gra\/"]}]},{"@type":"BreadcrumbList","@id":"https:\/\/bk-site-ampdelta.top\/odpowiedzialna-gra\/#breadcrumb","itemListElement":[{"@type":"ListItem","position":1,"name":"\u0413\u043b\u0430\u0432\u043d\u0430\u044f \u0441\u0442\u0440\u0430\u043d\u0438\u0446\u0430","item":"https:\/\/bk-site-ampdelta.top\/"},{"@type":"ListItem","position":2,"name":"Odpowiedzialna gra"}]},{"@type":"WebSite","@id":"https:\/\/bk-site-ampdelta.top\/#website","url":"https:\/\/bk-site-ampdelta.top\/","name":"bk-site-ampdelta.top","description":"","potentialAction":[{"@type":"SearchAction","target":{"@type":"EntryPoint","urlTemplate":"https:\/\/bk-site-ampdelta.top\/?s={search_term_string}"},"query-input":{"@type":"PropertyValueSpecification","valueRequired":true,"valueName":"search_term_string"}}],"inLanguage":"ru-RU"}]}},"amp_enabled":true,"_links":{"self":[{"href":"https:\/\/bk-site-ampdelta.top\/wp-json\/wp\/v2\/pages\/2553","targetHints":{"allow":["GET"]}}],"collection":[{"href":"https:\/\/bk-site-ampdelta.top\/wp-json\/wp\/v2\/pages"}],"about":[{"href":"https:\/\/bk-site-ampdelta.top\/wp-json\/wp\/v2\/types\/page"}],"author":[{"embeddable":true,"href":"https:\/\/bk-site-ampdelta.top\/wp-json\/wp\/v2\/users\/1"}],"replies":[{"embeddable":true,"href":"https:\/\/bk-site-ampdelta.top\/wp-json\/wp\/v2\/comments?post=2553"}],"version-history":[{"count":3,"href":"https:\/\/bk-site-ampdelta.top\/wp-json\/wp\/v2\/pages\/2553\/revisions"}],"predecessor-version":[{"id":2571,"href":"https:\/\/bk-site-ampdelta.top\/wp-json\/wp\/v2\/pages\/2553\/revisions\/2571"}],"wp:attachment":[{"href":"https:\/\/bk-site-ampdelta.top\/wp-json\/wp\/v2\/media?parent=2553"}],"curies":[{"name":"wp","href":"https:\/\/api.w.org\/{rel}","templated":true}]}}